{"id":27,"date":"2023-01-26T10:38:34","date_gmt":"2023-01-26T13:38:34","guid":{"rendered":"https:\/\/licenciasp.com.br\/?page_id=27"},"modified":"2024-10-21T19:40:50","modified_gmt":"2024-10-21T22:40:50","slug":"inicio","status":"publish","type":"page","link":"https:\/\/licenciasp.com.br\/","title":{"rendered":"Aguinaldo Despachante"},"content":{"rendered":"\t\t<div data-elementor-type=\"wp-page\" data-elementor-id=\"27\" class=\"elementor elementor-27\">\n\t\t\t\t\t\t<section class=\"elementor-section elementor-top-section elementor-element elementor-element-904ed6c elementor-section-height-full elementor-reverse-tablet elementor-reverse-mobile elementor-section-boxed elementor-section-height-default elementor-section-items-middle\" data-id=\"904ed6c\" data-element_type=\"section\" data-settings=\"{&quot;background_background&quot;:&quot;classic&quot;}\">\n\t\t\t\t\t\t\t<div class=\"elementor-background-overlay\"><\/div>\n\t\t\t\t\t\t\t<div class=\"elementor-container elementor-column-gap-default\">\n\t\t\t\t\t<div class=\"elementor-column elementor-col-100 elementor-top-column elementor-element elementor-element-6f006d9\" data-id=\"6f006d9\" data-element_type=\"column\" data-settings=\"{&quot;background_background&quot;:&quot;classic&quot;}\">\n\t\t\t<div class=\"elementor-widget-wrap elementor-element-populated\">\n\t\t\t\t\t\t<div class=\"elementor-element elementor-element-3ab760c elementor-widget elementor-widget-text-editor\" data-id=\"3ab760c\" data-element_type=\"widget\" data-widget_type=\"text-editor.default\">\n\t\t\t\t<div class=\"elementor-widget-container\">\n\t\t\t\t\t\t\t<h6><img decoding=\"async\" class=\" wp-image-124 alignleft\" src=\"https:\/\/licenciasp.com.br\/wp-content\/uploads\/2023\/01\/Design-sem-nome-1-300x177.png\" alt=\"\" width=\"148\" height=\"87\" srcset=\"https:\/\/licenciasp.com.br\/wp-content\/uploads\/2023\/01\/Design-sem-nome-1-300x177.png 300w, https:\/\/licenciasp.com.br\/wp-content\/uploads\/2023\/01\/Design-sem-nome-1-768x452.png 768w, https:\/\/licenciasp.com.br\/wp-content\/uploads\/2023\/01\/Design-sem-nome-1.png 1004w\" sizes=\"(max-width: 148px) 100vw, 148px\" \/><\/h6><h6><strong>Licenciamento de Ve\u00edculo, Transfer\u00eancia de Propriedade, Cidade e ou Estado, Pesquisas de Proced\u00eancia, de D\u00e9bitos e outras, Regulariza\u00e7\u00e3o de Motor, Placa MercoSul, Gravame, Financiamento da Documenta\u00e7\u00e3o&#8230;<\/strong><\/h6>\t\t\t\t\t\t<\/div>\n\t\t\t\t<\/div>\n\t\t\t\t<section class=\"elementor-section elementor-inner-section elementor-element elementor-element-e6607eb elementor-section-boxed elementor-section-height-default elementor-section-height-default\" data-id=\"e6607eb\" data-element_type=\"section\">\n\t\t\t\t\t\t<div class=\"elementor-container elementor-column-gap-default\">\n\t\t\t\t\t<div class=\"elementor-column elementor-col-50 elementor-inner-column elementor-element elementor-element-1c856ba\" data-id=\"1c856ba\" data-element_type=\"column\">\n\t\t\t<div class=\"elementor-widget-wrap elementor-element-populated\">\n\t\t\t\t\t\t<div class=\"elementor-element elementor-element-a523032 elementor-widget elementor-widget-image\" data-id=\"a523032\" data-element_type=\"widget\" data-widget_type=\"image.default\">\n\t\t\t\t<div class=\"elementor-widget-container\">\n\t\t\t\t\t\t\t\t\t\t\t\t\t<img fetchpriority=\"high\" decoding=\"async\" width=\"300\" height=\"176\" src=\"https:\/\/licenciasp.com.br\/wp-content\/uploads\/2023\/01\/AGUINALDO-removebg-preview-300x176.png\" class=\"attachment-medium size-medium wp-image-171\" alt=\"\" srcset=\"https:\/\/licenciasp.com.br\/wp-content\/uploads\/2023\/01\/AGUINALDO-removebg-preview-300x176.png 300w, https:\/\/licenciasp.com.br\/wp-content\/uploads\/2023\/01\/AGUINALDO-removebg-preview.png 651w\" sizes=\"(max-width: 300px) 100vw, 300px\" \/>\t\t\t\t\t\t\t\t\t\t\t\t\t<\/div>\n\t\t\t\t<\/div>\n\t\t\t\t\t<\/div>\n\t\t<\/div>\n\t\t\t\t<div class=\"elementor-column elementor-col-50 elementor-inner-column elementor-element elementor-element-b00b35b\" data-id=\"b00b35b\" data-element_type=\"column\">\n\t\t\t<div class=\"elementor-widget-wrap elementor-element-populated\">\n\t\t\t\t\t\t<div class=\"elementor-element elementor-element-72ecfb0 elementor-shape-rounded elementor-grid-0 e-grid-align-center elementor-widget elementor-widget-social-icons\" data-id=\"72ecfb0\" data-element_type=\"widget\" data-widget_type=\"social-icons.default\">\n\t\t\t\t<div class=\"elementor-widget-container\">\n\t\t\t\t\t<div class=\"elementor-social-icons-wrapper elementor-grid\">\n\t\t\t\t\t\t\t<span class=\"elementor-grid-item\">\n\t\t\t\t\t<a class=\"elementor-icon elementor-social-icon elementor-social-icon-facebook elementor-animation-pulse-shrink elementor-repeater-item-ca7bf9e\" href=\"https:\/\/www.facebook.com\/Despachante.Aguinaldo\/\" target=\"_blank\">\n\t\t\t\t\t\t<span class=\"elementor-screen-only\">Facebook<\/span>\n\t\t\t\t\t\t<i class=\"fab fa-facebook\"><\/i>\t\t\t\t\t<\/a>\n\t\t\t\t<\/span>\n\t\t\t\t\t\t\t<span class=\"elementor-grid-item\">\n\t\t\t\t\t<a class=\"elementor-icon elementor-social-icon elementor-social-icon-envelope elementor-animation-pulse-shrink elementor-repeater-item-bbea266\" href=\"http:\/\/Despachanteaguinaldo@gmail.com\" target=\"_blank\">\n\t\t\t\t\t\t<span class=\"elementor-screen-only\">Envelope<\/span>\n\t\t\t\t\t\t<i class=\"fas fa-envelope\"><\/i>\t\t\t\t\t<\/a>\n\t\t\t\t<\/span>\n\t\t\t\t\t\t\t<span class=\"elementor-grid-item\">\n\t\t\t\t\t<a class=\"elementor-icon elementor-social-icon elementor-social-icon-twitter elementor-animation-pulse-shrink elementor-repeater-item-26e2d93\" href=\"https:\/\/twitter.com\/Aguinaldo_Desp\" target=\"_blank\">\n\t\t\t\t\t\t<span class=\"elementor-screen-only\">Twitter<\/span>\n\t\t\t\t\t\t<i class=\"fab fa-twitter\"><\/i>\t\t\t\t\t<\/a>\n\t\t\t\t<\/span>\n\t\t\t\t\t\t\t<span class=\"elementor-grid-item\">\n\t\t\t\t\t<a class=\"elementor-icon elementor-social-icon elementor-social-icon-youtube elementor-animation-pulse-shrink elementor-repeater-item-e9ab3e0\" href=\"https:\/\/www.youtube.com\/@aguinaldodespachante\" target=\"_blank\">\n\t\t\t\t\t\t<span class=\"elementor-screen-only\">Youtube<\/span>\n\t\t\t\t\t\t<i class=\"fab fa-youtube\"><\/i>\t\t\t\t\t<\/a>\n\t\t\t\t<\/span>\n\t\t\t\t\t\t\t<span class=\"elementor-grid-item\">\n\t\t\t\t\t<a class=\"elementor-icon elementor-social-icon elementor-social-icon-instagram elementor-animation-pulse-shrink elementor-repeater-item-90bc112\" href=\"https:\/\/www.instagram.com\/aguinaldo_despachante\/\" target=\"_blank\">\n\t\t\t\t\t\t<span class=\"elementor-screen-only\">Instagram<\/span>\n\t\t\t\t\t\t<i class=\"fab fa-instagram\"><\/i>\t\t\t\t\t<\/a>\n\t\t\t\t<\/span>\n\t\t\t\t\t\t\t<span class=\"elementor-grid-item\">\n\t\t\t\t\t<a class=\"elementor-icon elementor-social-icon elementor-social-icon-whatsapp elementor-animation-pulse-shrink elementor-repeater-item-8a3dd69\" href=\"https:\/\/api.whatsapp.com\/send?phone=551632363015\" target=\"_blank\">\n\t\t\t\t\t\t<span class=\"elementor-screen-only\">Whatsapp<\/span>\n\t\t\t\t\t\t<i class=\"fab fa-whatsapp\"><\/i>\t\t\t\t\t<\/a>\n\t\t\t\t<\/span>\n\t\t\t\t\t<\/div>\n\t\t\t\t<\/div>\n\t\t\t\t<\/div>\n\t\t\t\t\t<\/div>\n\t\t<\/div>\n\t\t\t\t\t<\/div>\n\t\t<\/section>\n\t\t\t\t<section class=\"elementor-section elementor-inner-section elementor-element elementor-element-db72fe9 elementor-section-boxed elementor-section-height-default elementor-section-height-default\" data-id=\"db72fe9\" data-element_type=\"section\">\n\t\t\t\t\t\t<div class=\"elementor-container elementor-column-gap-default\">\n\t\t\t\t\t<div class=\"elementor-column elementor-col-50 elementor-inner-column elementor-element elementor-element-7f542a3\" data-id=\"7f542a3\" data-element_type=\"column\">\n\t\t\t<div class=\"elementor-widget-wrap elementor-element-populated\">\n\t\t\t\t\t\t<div class=\"elementor-element elementor-element-6a58614 elementor-widget elementor-widget-image\" data-id=\"6a58614\" data-element_type=\"widget\" data-widget_type=\"image.default\">\n\t\t\t\t<div class=\"elementor-widget-container\">\n\t\t\t\t\t\t\t\t\t\t\t\t\t<img decoding=\"async\" width=\"300\" height=\"250\" src=\"https:\/\/licenciasp.com.br\/wp-content\/uploads\/2023\/01\/Parcelamento-IPVA-21x-e1674831991479-300x250.jpg\" class=\"attachment-medium size-medium wp-image-199\" alt=\"\" srcset=\"https:\/\/licenciasp.com.br\/wp-content\/uploads\/2023\/01\/Parcelamento-IPVA-21x-e1674831991479-300x250.jpg 300w, https:\/\/licenciasp.com.br\/wp-content\/uploads\/2023\/01\/Parcelamento-IPVA-21x-e1674831991479-1024x852.jpg 1024w, https:\/\/licenciasp.com.br\/wp-content\/uploads\/2023\/01\/Parcelamento-IPVA-21x-e1674831991479-768x639.jpg 768w, https:\/\/licenciasp.com.br\/wp-content\/uploads\/2023\/01\/Parcelamento-IPVA-21x-e1674831991479-1536x1279.jpg 1536w, https:\/\/licenciasp.com.br\/wp-content\/uploads\/2023\/01\/Parcelamento-IPVA-21x-e1674831991479-2048x1705.jpg 2048w\" sizes=\"(max-width: 300px) 100vw, 300px\" \/>\t\t\t\t\t\t\t\t\t\t\t\t\t<\/div>\n\t\t\t\t<\/div>\n\t\t\t\t\t<\/div>\n\t\t<\/div>\n\t\t\t\t<div class=\"elementor-column elementor-col-50 elementor-inner-column elementor-element elementor-element-9d251fe\" data-id=\"9d251fe\" data-element_type=\"column\">\n\t\t\t<div class=\"elementor-widget-wrap elementor-element-populated\">\n\t\t\t\t\t\t<div class=\"elementor-element elementor-element-94b113b elementor-widget elementor-widget-heading\" data-id=\"94b113b\" data-element_type=\"widget\" data-widget_type=\"heading.default\">\n\t\t\t\t<div class=\"elementor-widget-container\">\n\t\t\t<h2 class=\"elementor-heading-title elementor-size-large\">N\u00e3o pagou a primeira parcela do IPVA<\/h2>\t\t<\/div>\n\t\t\t\t<\/div>\n\t\t\t\t<div class=\"elementor-element elementor-element-233bd21 elementor-widget elementor-widget-text-editor\" data-id=\"233bd21\" data-element_type=\"widget\" data-widget_type=\"text-editor.default\">\n\t\t\t\t<div class=\"elementor-widget-container\">\n\t\t\t\t\t\t\t<p><span class=\"NormalTextRun SCXW6155019 BCX0\">Ainda d\u00e1 tempo, <\/span><span class=\"NormalTextRun SCXW6155019 BCX0\">parcelamos<\/span><span class=\"NormalTextRun SCXW6155019 BCX0\"> o seu IPVA em at\u00e9 21x no cart\u00e3o de <\/span><span class=\"NormalTextRun SCXW6155019 BCX0\">Credito<\/span><span class=\"NormalTextRun SCXW6155019 BCX0\">.<\/span><\/p><p><img loading=\"lazy\" decoding=\"async\" class=\" wp-image-202 alignleft\" src=\"https:\/\/licenciasp.com.br\/wp-content\/uploads\/2023\/01\/image-removebg-preview-4.png\" alt=\"\" width=\"136\" height=\"136\" srcset=\"https:\/\/licenciasp.com.br\/wp-content\/uploads\/2023\/01\/image-removebg-preview-4.png 180w, https:\/\/licenciasp.com.br\/wp-content\/uploads\/2023\/01\/image-removebg-preview-4-150x150.png 150w\" sizes=\"(max-width: 136px) 100vw, 136px\" \/>Conforme Resolu\u00e7\u00e3o SFP 35\/2021, a Secretaria da Fazenda e Planejamento possibilita ao contribuinte efetuar o pagamento de tributos e demais receitas estaduais, inclusive d\u00e9bitos relacionados a ve\u00edculos (IPVA, multa de tr\u00e2nsito e taxas, desde que n\u00e3o inscritos em d\u00edvida ativa) por meio de cart\u00e3o de cr\u00e9dito ou d\u00e9bito , \u00e0 vista ou parcelado.<\/p>\t\t\t\t\t\t<\/div>\n\t\t\t\t<\/div>\n\t\t\t\t<div class=\"elementor-element elementor-element-d2b7733 elementor-align-center elementor-widget elementor-widget-button\" data-id=\"d2b7733\" data-element_type=\"widget\" data-widget_type=\"button.default\">\n\t\t\t\t<div class=\"elementor-widget-container\">\n\t\t\t\t\t<div class=\"elementor-button-wrapper\">\n\t\t\t<a class=\"elementor-button elementor-button-link elementor-size-sm elementor-animation-pulse\" href=\"https:\/\/licenciasp.com.br\/?page_id=193\">\n\t\t\t\t\t\t<span class=\"elementor-button-content-wrapper\">\n\t\t\t\t\t\t\t\t\t<span class=\"elementor-button-text\">Quero saber mais<\/span>\n\t\t\t\t\t<\/span>\n\t\t\t\t\t<\/a>\n\t\t<\/div>\n\t\t\t\t<\/div>\n\t\t\t\t<\/div>\n\t\t\t\t\t<\/div>\n\t\t<\/div>\n\t\t\t\t\t<\/div>\n\t\t<\/section>\n\t\t\t\t<section class=\"elementor-section elementor-inner-section elementor-element elementor-element-85edd06 elementor-section-boxed elementor-section-height-default elementor-section-height-default\" data-id=\"85edd06\" data-element_type=\"section\">\n\t\t\t\t\t\t<div class=\"elementor-container elementor-column-gap-default\">\n\t\t\t\t\t<div class=\"elementor-column elementor-col-100 elementor-inner-column elementor-element elementor-element-29480c0\" data-id=\"29480c0\" data-element_type=\"column\">\n\t\t\t<div class=\"elementor-widget-wrap elementor-element-populated\">\n\t\t\t\t\t\t<div class=\"elementor-element elementor-element-b8e877f elementor-widget elementor-widget-heading\" data-id=\"b8e877f\" data-element_type=\"widget\" data-widget_type=\"heading.default\">\n\t\t\t\t<div class=\"elementor-widget-container\">\n\t\t\t<h2 class=\"elementor-heading-title elementor-size-default\">(16) 3236 3015 (16) 99762 2333<\/h2>\t\t<\/div>\n\t\t\t\t<\/div>\n\t\t\t\t<div class=\"elementor-element elementor-element-cf42167 elementor-widget elementor-widget-spacer\" data-id=\"cf42167\" data-element_type=\"widget\" data-widget_type=\"spacer.default\">\n\t\t\t\t<div class=\"elementor-widget-container\">\n\t\t\t\t\t<div class=\"elementor-spacer\">\n\t\t\t<div class=\"elementor-spacer-inner\"><\/div>\n\t\t<\/div>\n\t\t\t\t<\/div>\n\t\t\t\t<\/div>\n\t\t\t\t<section class=\"elementor-section elementor-inner-section elementor-element elementor-element-e37e2a9 elementor-section-boxed elementor-section-height-default elementor-section-height-default\" data-id=\"e37e2a9\" data-element_type=\"section\">\n\t\t\t\t\t\t<div class=\"elementor-container elementor-column-gap-default\">\n\t\t\t\t\t<div class=\"elementor-column elementor-col-50 elementor-inner-column elementor-element elementor-element-2d53639\" data-id=\"2d53639\" data-element_type=\"column\">\n\t\t\t<div class=\"elementor-widget-wrap\">\n\t\t\t\t\t\t\t<\/div>\n\t\t<\/div>\n\t\t\t\t<div class=\"elementor-column elementor-col-50 elementor-inner-column elementor-element elementor-element-8782f85\" data-id=\"8782f85\" data-element_type=\"column\">\n\t\t\t<div class=\"elementor-widget-wrap\">\n\t\t\t\t\t\t\t<\/div>\n\t\t<\/div>\n\t\t\t\t\t<\/div>\n\t\t<\/section>\n\t\t\t\t<div class=\"elementor-element elementor-element-8aca6fb elementor-view-default elementor-widget elementor-widget-icon\" data-id=\"8aca6fb\" data-element_type=\"widget\" data-widget_type=\"icon.default\">\n\t\t\t\t<div class=\"elementor-widget-container\">\n\t\t\t\t\t<div class=\"elementor-icon-wrapper\">\n\t\t\t<div class=\"elementor-icon\">\n\t\t\t<i aria-hidden=\"true\" class=\"fas fa-map-marker-alt\"><\/i>\t\t\t<\/div>\n\t\t<\/div>\n\t\t\t\t<\/div>\n\t\t\t\t<\/div>\n\t\t\t\t<div class=\"elementor-element elementor-element-bcbeb4f elementor-widget elementor-widget-heading\" data-id=\"bcbeb4f\" data-element_type=\"widget\" data-widget_type=\"heading.default\">\n\t\t\t\t<div class=\"elementor-widget-container\">\n\t\t\t<h2 class=\"elementor-heading-title elementor-size-default\">Como chegar l\u00e1<\/h2>\t\t<\/div>\n\t\t\t\t<\/div>\n\t\t\t\t<div class=\"elementor-element elementor-element-c61e4b5 elementor-widget elementor-widget-google_maps\" data-id=\"c61e4b5\" data-element_type=\"widget\" data-widget_type=\"google_maps.default\">\n\t\t\t\t<div class=\"elementor-widget-container\">\n\t\t\t\t\t<div class=\"elementor-custom-embed\">\n\t\t\t<iframe loading=\"lazy\"\n\t\t\t\t\tsrc=\"https:\/\/www.google.com\/maps\/embed\/v1\/place?key=AIzaSyC0ZvrZVyec6UD6kYboKsm7Zqin-ax5YQo&#038;q=Aguinaldo%20Despachante&#038;zoom=14\"\n\t\t\t\t\ttitle=\"Aguinaldo Despachante\"\n\t\t\t\t\taria-label=\"Aguinaldo Despachante\"\n\t\t\t><\/iframe>\n\t\t<\/div>\n\t\t\t\t<\/div>\n\t\t\t\t<\/div>\n\t\t\t\t\t<\/div>\n\t\t<\/div>\n\t\t\t\t\t<\/div>\n\t\t<\/section>\n\t\t\t\t<section class=\"elementor-section elementor-inner-section elementor-element elementor-element-76eba73 elementor-section-boxed elementor-section-height-default elementor-section-height-default\" data-id=\"76eba73\" data-element_type=\"section\">\n\t\t\t\t\t\t<div class=\"elementor-container elementor-column-gap-default\">\n\t\t\t\t\t<div class=\"elementor-column elementor-col-100 elementor-inner-column elementor-element elementor-element-c6c819d\" data-id=\"c6c819d\" data-element_type=\"column\">\n\t\t\t<div class=\"elementor-widget-wrap\">\n\t\t\t\t\t\t\t<\/div>\n\t\t<\/div>\n\t\t\t\t\t<\/div>\n\t\t<\/section>\n\t\t\t\t\t<\/div>\n\t\t<\/div>\n\t\t\t\t\t<\/div>\n\t\t<\/section>\n\t\t\t\t<section class=\"elementor-section elementor-top-section elementor-element elementor-element-2dd8092 elementor-section-boxed elementor-section-height-default elementor-section-height-default\" data-id=\"2dd8092\" data-element_type=\"section\">\n\t\t\t\t\t\t<div class=\"elementor-container elementor-column-gap-default\">\n\t\t\t\t\t<div class=\"elementor-column elementor-col-100 elementor-top-column elementor-element elementor-element-816faaf\" data-id=\"816faaf\" data-element_type=\"column\">\n\t\t\t<div class=\"elementor-widget-wrap elementor-element-populated\">\n\t\t\t\t\t\t<div class=\"elementor-element elementor-element-f2f01a2 elementor-widget elementor-widget-spacer\" data-id=\"f2f01a2\" data-element_type=\"widget\" data-widget_type=\"spacer.default\">\n\t\t\t\t<div class=\"elementor-widget-container\">\n\t\t\t\t\t<div class=\"elementor-spacer\">\n\t\t\t<div class=\"elementor-spacer-inner\"><\/div>\n\t\t<\/div>\n\t\t\t\t<\/div>\n\t\t\t\t<\/div>\n\t\t\t\t\t<\/div>\n\t\t<\/div>\n\t\t\t\t\t<\/div>\n\t\t<\/section>\n\t\t\t\t<section class=\"elementor-section elementor-top-section elementor-element elementor-element-205ee7e elementor-section-boxed elementor-section-height-default elementor-section-height-default\" data-id=\"205ee7e\" data-element_type=\"section\">\n\t\t\t\t\t\t<div class=\"elementor-container elementor-column-gap-default\">\n\t\t\t\t\t<div class=\"elementor-column elementor-col-100 elementor-top-column elementor-element elementor-element-c7d5ae9\" data-id=\"c7d5ae9\" data-element_type=\"column\">\n\t\t\t<div class=\"elementor-widget-wrap elementor-element-populated\">\n\t\t\t\t\t\t<div class=\"elementor-element elementor-element-3caf9e0 elementor-widget elementor-widget-spacer\" data-id=\"3caf9e0\" data-element_type=\"widget\" data-widget_type=\"spacer.default\">\n\t\t\t\t<div class=\"elementor-widget-container\">\n\t\t\t\t\t<div class=\"elementor-spacer\">\n\t\t\t<div class=\"elementor-spacer-inner\"><\/div>\n\t\t<\/div>\n\t\t\t\t<\/div>\n\t\t\t\t<\/div>\n\t\t\t\t\t<\/div>\n\t\t<\/div>\n\t\t\t\t\t<\/div>\n\t\t<\/section>\n\t\t\t\t<section class=\"elementor-section elementor-top-section elementor-element elementor-element-a6bb857 elementor-section-boxed elementor-section-height-default elementor-section-height-default\" data-id=\"a6bb857\" data-element_type=\"section\">\n\t\t\t\t\t\t<div class=\"elementor-container elementor-column-gap-default\">\n\t\t\t\t\t<div class=\"elementor-column elementor-col-100 elementor-top-column elementor-element elementor-element-900d114\" data-id=\"900d114\" data-element_type=\"column\">\n\t\t\t<div class=\"elementor-widget-wrap\">\n\t\t\t\t\t\t\t<\/div>\n\t\t<\/div>\n\t\t\t\t\t<\/div>\n\t\t<\/section>\n\t\t\t\t<section class=\"elementor-section elementor-top-section elementor-element elementor-element-23594a6 elementor-section-boxed elementor-section-height-default elementor-section-height-default\" data-id=\"23594a6\" data-element_type=\"section\">\n\t\t\t\t\t\t<div class=\"elementor-container elementor-column-gap-default\">\n\t\t\t\t\t<div class=\"elementor-column elementor-col-50 elementor-top-column elementor-element elementor-element-523a53a\" data-id=\"523a53a\" data-element_type=\"column\">\n\t\t\t<div class=\"elementor-widget-wrap\">\n\t\t\t\t\t\t\t<\/div>\n\t\t<\/div>\n\t\t\t\t<div class=\"elementor-column elementor-col-50 elementor-top-column elementor-element elementor-element-27e20d1\" data-id=\"27e20d1\" data-element_type=\"column\">\n\t\t\t<div class=\"elementor-widget-wrap\">\n\t\t\t\t\t\t\t<\/div>\n\t\t<\/div>\n\t\t\t\t\t<\/div>\n\t\t<\/section>\n\t\t\t\t<section class=\"elementor-section elementor-top-section elementor-element elementor-element-b961a22 elementor-section-boxed elementor-section-height-default elementor-section-height-default\" data-id=\"b961a22\" data-element_type=\"section\">\n\t\t\t\t\t\t<div class=\"elementor-container elementor-column-gap-default\">\n\t\t\t\t\t<div class=\"elementor-column elementor-col-100 elementor-top-column elementor-element elementor-element-f49fb95\" data-id=\"f49fb95\" data-element_type=\"column\">\n\t\t\t<div class=\"elementor-widget-wrap\">\n\t\t\t\t\t\t\t<\/div>\n\t\t<\/div>\n\t\t\t\t\t<\/div>\n\t\t<\/section>\n\t\t\t\t<\/div>\n\t\t","protected":false},"excerpt":{"rendered":"<p>Licenciamento de Ve\u00edculo, Transfer\u00eancia de Propriedade, Cidade e ou Estado, Pesquisas de Proced\u00eancia, de D\u00e9bitos e outras, Regulariza\u00e7\u00e3o de Motor, Placa MercoSul, Gravame, Financiamento da Documenta\u00e7\u00e3o&#8230; Facebook Envelope Twitter Youtube Instagram Whatsapp N\u00e3o pagou a primeira parcela do IPVA Ainda d\u00e1 tempo, parcelamos o seu IPVA em at\u00e9 21x no cart\u00e3o de Credito. Conforme Resolu\u00e7\u00e3o [&hellip;]<\/p>\n","protected":false},"author":1,"featured_media":0,"parent":0,"menu_order":0,"comment_status":"closed","ping_status":"closed","template":"elementor_canvas","meta":{"footnotes":""},"class_list":["post-27","page","type-page","status-publish","hentry"],"_links":{"self":[{"href":"https:\/\/licenciasp.com.br\/index.php?rest_route=\/wp\/v2\/pages\/27","targetHints":{"allow":["GET"]}}],"collection":[{"href":"https:\/\/licenciasp.com.br\/index.php?rest_route=\/wp\/v2\/pages"}],"about":[{"href":"https:\/\/licenciasp.com.br\/index.php?rest_route=\/wp\/v2\/types\/page"}],"author":[{"embeddable":true,"href":"https:\/\/licenciasp.com.br\/index.php?rest_route=\/wp\/v2\/users\/1"}],"replies":[{"embeddable":true,"href":"https:\/\/licenciasp.com.br\/index.php?rest_route=%2Fwp%2Fv2%2Fcomments&post=27"}],"version-history":[{"count":159,"href":"https:\/\/licenciasp.com.br\/index.php?rest_route=\/wp\/v2\/pages\/27\/revisions"}],"predecessor-version":[{"id":288,"href":"https:\/\/licenciasp.com.br\/index.php?rest_route=\/wp\/v2\/pages\/27\/revisions\/288"}],"wp:attachment":[{"href":"https:\/\/licenciasp.com.br\/index.php?rest_route=%2Fwp%2Fv2%2Fmedia&parent=27"}],"curies":[{"name":"wp","href":"https:\/\/api.w.org\/{rel}","templated":true}]}}